{"id":5,"date":"2015-09-07T11:24:14","date_gmt":"2015-09-07T09:24:14","guid":{"rendered":"http:\/\/lysianesalzmann.ch\/?page_id=5"},"modified":"2023-09-09T22:27:54","modified_gmt":"2023-09-09T20:27:54","slug":"portrait","status":"publish","type":"page","link":"https:\/\/lysianesalzmann.ch\/fr\/","title":{"rendered":"Portrait"},"content":{"rendered":"<h1>LYSIANE SALZMANN, ORGANISTE ET PIANISTE<\/h1>\n<p>Je suis n\u00e9e en 1977 sur les rives du lac L\u00e9man. Apr\u00e8s des \u00e9tudes d&rsquo;ing\u00e9nieur en microtechnique, j&rsquo;ai finalement d\u00e9cid\u00e9 de me consacrer \u00e0 la musique, ce que je n&rsquo;ai jamais regrett\u00e9. J&rsquo;ai eu la chance de pouvoir \u00e9tudier l&rsquo;orgue au Conservatoire de B\u00e2le, dans la classe de Guy Bovet, o\u00f9 j&rsquo;ai obtenu mon dipl\u00f4me d&rsquo;enseignement de l&rsquo;orgue et du piano en 2006, puis un dipl\u00f4me de <a href=\"http:\/\/lysianesalzmann.ch\/wp-content\/uploads\/2015\/09\/lysiane_02.jpg\"><img decoding=\"async\" loading=\"lazy\" class=\"size-medium wp-image-66 alignleft\" src=\"http:\/\/lysianesalzmann.ch\/wp-content\/uploads\/2015\/09\/lysiane_02-300x450.jpg\" alt=\"lysiane_02\" width=\"300\" height=\"450\" srcset=\"https:\/\/lysianesalzmann.ch\/wp-content\/uploads\/2015\/09\/lysiane_02-300x450.jpg 300w, https:\/\/lysianesalzmann.ch\/wp-content\/uploads\/2015\/09\/lysiane_02-682x1024.jpg 682w, https:\/\/lysianesalzmann.ch\/wp-content\/uploads\/2015\/09\/lysiane_02.jpg 933w\" sizes=\"(max-width: 300px) 100vw, 300px\" \/><\/a>concert avec distinction en 2008. Pour \u00e9largir mes connaissances, j&rsquo;ai poursuivi mes \u00e9tudes pendant deux ans dans la classe de Martin Sander \u00e0 B\u00e2le, et ai termin\u00e9 mon cursus en 2010 avec un dipl\u00f4me de soliste.\u00a0Parall\u00e8lement \u00e0 mes \u00e9tudes, j&rsquo;ai particip\u00e9 \u00e0 diff\u00e9rentes Master classes, notamment avec Lorenzo Ghielmi, J\u00f6rg-Andreas B\u00f6tticher, Olivier Latry et Thierry Escaich. D\u00e8s l&rsquo;\u00e2ge de 18 ans, j&rsquo;ai \u00e9t\u00e9 responsable de plusieurs postes d&rsquo;organiste liturgique. Je suis actuellement titulaire de l&rsquo;orgue de la paroisse catholique St-Sebastian \u00e0 Wettingen (AG) et me produis r\u00e9guli\u00e8rement en concert, soit comme soliste, soit comme accompagnatrice.<\/p>\n<p>Mon activit\u00e9 de concertiste est tr\u00e8s importante pour moi. Pendant mes \u00e9tudes au conservatoire, j&rsquo;ai eu la chance de d\u00e9couvrir et d&rsquo;approfondir la musique d&rsquo;orgue dans ses diff\u00e9rents styles et \u00e9poques. Nos voyages annuels m&rsquo;ont permis de jouer sur des instruments de factures tr\u00e8s vari\u00e9es. Chaque concert est un nouveau d\u00e9fi qui me permet d&rsquo;avancer, de d\u00e9couvrir d&rsquo;autres instruments et d&rsquo;\u00e9largir mon r\u00e9pertoire.<\/p>\n<p>Je suis \u00e9galement active en tant que <strong>pianiste. <\/strong>Apr\u00e8s une formation dans la classe de Urs St\u00e4uble, je continue \u00e0 prendre des le\u00e7ons chez Boris Chnaider puis chez Oliver Schnyder<strong>\u00a0<\/strong>et me sp\u00e9cialise dans l&rsquo;accompagnement et la musique de chambre. J&rsquo;enseigne le piano \u00e0 l&rsquo;\u00e9cole de musique de <a href=\"https:\/\/www.m-r-s.ch\/home\" target=\"_blank\" rel=\"noopener\">Sursee<\/a> et celle de <a href=\"https:\/\/msrb.ch\/\" target=\"_blank\" rel=\"noopener\">Baden<\/a>. <strong>J&rsquo;accompagne r\u00e9guli\u00e8rement des classes de chant et d&rsquo;instruments<\/strong> lors d&rsquo;auditions et d&rsquo;examens, assiste des <strong>r\u00e9p\u00e9titions chorales<\/strong> et me produis en <strong>concert avec d&rsquo;autres instruments<\/strong>, notamment violon (Duo Saite an Saite), violoncelle, clarinette et chant. J&rsquo;aime beaucoup ce type de collaboration musicale et esp\u00e8re pouvoir continuer dans cette voie.<\/p>\n<p><iframe loading=\"lazy\" title=\"Grimoaldo Macchia - Ostern Tryptichon\" width=\"1200\" height=\"675\" src=\"https:\/\/www.youtube.com\/embed\/1WrE4guJvB4?feature=oembed\" frameborder=\"0\" allow=\"accelerometer; autoplay; clipboard-write; encrypted-media; gyroscope; picture-in-picture; web-share\" allowfullscreen><\/iframe><\/p>\n","protected":false},"excerpt":{"rendered":"<p>LYSIANE SALZMANN, ORGANISTE ET PIANISTE Je suis n\u00e9e en 1977 sur les rives du lac L\u00e9man. Apr\u00e8s des \u00e9tudes d&rsquo;ing\u00e9nieur en microtechnique, j&rsquo;ai finalement d\u00e9cid\u00e9 de me consacrer \u00e0 la musique, ce que je n&rsquo;ai jamais regrett\u00e9. J&rsquo;ai eu la chance de pouvoir \u00e9tudier l&rsquo;orgue au Conservatoire de B\u00e2le, dans la classe de Guy Bovet, &#8230; <a title=\"Portrait\" class=\"read-more\" href=\"https:\/\/lysianesalzmann.ch\/fr\/\" aria-label=\"En savoir plus sur Portrait\">Lire plus<\/a><\/p>\n","protected":false},"author":1,"featured_media":71,"parent":0,"menu_order":0,"comment_status":"closed","ping_status":"closed","template":"","meta":{"footnotes":""},"jetpack_sharing_enabled":true,"_links":{"self":[{"href":"https:\/\/lysianesalzmann.ch\/fr\/wp-json\/wp\/v2\/pages\/5"}],"collection":[{"href":"https:\/\/lysianesalzmann.ch\/fr\/wp-json\/wp\/v2\/pages"}],"about":[{"href":"https:\/\/lysianesalzmann.ch\/fr\/wp-json\/wp\/v2\/types\/page"}],"author":[{"embeddable":true,"href":"https:\/\/lysianesalzmann.ch\/fr\/wp-json\/wp\/v2\/users\/1"}],"replies":[{"embeddable":true,"href":"https:\/\/lysianesalzmann.ch\/fr\/wp-json\/wp\/v2\/comments?post=5"}],"version-history":[{"count":0,"href":"https:\/\/lysianesalzmann.ch\/fr\/wp-json\/wp\/v2\/pages\/5\/revisions"}],"wp:featuredmedia":[{"embeddable":true,"href":"https:\/\/lysianesalzmann.ch\/fr\/wp-json\/wp\/v2\/media\/71"}],"wp:attachment":[{"href":"https:\/\/lysianesalzmann.ch\/fr\/wp-json\/wp\/v2\/media?parent=5"}],"curies":[{"name":"wp","href":"https:\/\/api.w.org\/{rel}","templated":true}]}}