{"id":1180,"date":"2023-09-02T14:44:53","date_gmt":"2023-09-02T12:44:53","guid":{"rendered":"https:\/\/lysianesalzmann.ch\/?page_id=1180"},"modified":"2023-09-09T22:12:07","modified_gmt":"2023-09-09T20:12:07","slug":"impressum","status":"publish","type":"page","link":"https:\/\/lysianesalzmann.ch\/fr\/impressum\/","title":{"rendered":"Impressum"},"content":{"rendered":"\n<p>Instance responsable :<br>Lysiane Salzmann<br>Kupfergasse 12<br>4310 Rheinfelden<br>Suisse<br>E-mail : info@lysianesalzmann.ch<\/p>\n\n\n\n<p>Personnes autoris\u00e9es \u00e0 repr\u00e9senter la soci\u00e9t\u00e9<br>Lysiane Salzmann<\/p>\n\n\n\n<p>Nom de l&rsquo;entreprise : Lysiane Salzmann<br><br>Clause de non-responsabilit\u00e9<br>L&rsquo;auteur ne garantit pas la v\u00e9racit\u00e9, l&rsquo;exactitude, l&rsquo;actualit\u00e9, la fiabilit\u00e9 et l&rsquo;exhaustivit\u00e9 des informations.<br>L&rsquo;auteur ne saurait \u00eatre tenu responsable des dommages mat\u00e9riels ou immat\u00e9riels r\u00e9sultant de l&rsquo;acc\u00e8s ou de l&rsquo;utilisation ou de la non-utilisation des informations publi\u00e9es, d&rsquo;une mauvaise utilisation de la connexion ou de probl\u00e8mes techniques.<\/p>\n\n\n\n<p>Toutes les offres sont sans engagement. L&rsquo;auteur se r\u00e9serve express\u00e9ment le droit de modifier, de compl\u00e9ter ou de supprimer des parties de pages ou l&rsquo;ensemble de l&rsquo;offre sans avis pr\u00e9alable, ou d&rsquo;en suspendre temporairement ou d\u00e9finitivement la publication.<\/p>\n\n\n\n<p>Exclusion de responsabilit\u00e9 pour les contenus et les liens<br>Les renvois et les liens vers des sites web de tiers ne rel\u00e8vent pas de notre responsabilit\u00e9. Nous d\u00e9clinons toute responsabilit\u00e9 pour de tels sites web. L&rsquo;acc\u00e8s et l&rsquo;utilisation de tels sites web se font aux risques et p\u00e9rils de l&rsquo;utilisateur concern\u00e9.<\/p>\n\n\n\n<p>D\u00e9claration de droits d&rsquo;auteur<br>Les droits d&rsquo;auteur et tous les autres droits li\u00e9s au contenu, aux images, aux photos ou aux autres fichiers de ce site web, appartiennent exclusivement \u00e0 Lysiane Salzmann ou aux d\u00e9tenteurs de droits sp\u00e9cialement mentionn\u00e9s. Pour la reproduction de tout \u00e9l\u00e9ment, l&rsquo;accord \u00e9crit du d\u00e9tenteur des droits d&rsquo;auteur doit \u00eatre obtenu au pr\u00e9alable.<\/p>\n","protected":false},"excerpt":{"rendered":"<p>Instance responsable :Lysiane SalzmannKupfergasse 124310 RheinfeldenSuisseE-mail : info@lysianesalzmann.ch Personnes autoris\u00e9es \u00e0 repr\u00e9senter la soci\u00e9t\u00e9Lysiane Salzmann Nom de l&rsquo;entreprise : Lysiane Salzmann Clause de non-responsabilit\u00e9L&rsquo;auteur ne garantit pas la v\u00e9racit\u00e9, l&rsquo;exactitude, l&rsquo;actualit\u00e9, la fiabilit\u00e9 et l&rsquo;exhaustivit\u00e9 des informations.L&rsquo;auteur ne saurait \u00eatre tenu responsable des dommages mat\u00e9riels ou immat\u00e9riels r\u00e9sultant de l&rsquo;acc\u00e8s ou de l&rsquo;utilisation ou de &#8230; <a title=\"Impressum\" class=\"read-more\" href=\"https:\/\/lysianesalzmann.ch\/fr\/impressum\/\" aria-label=\"En savoir plus sur Impressum\">Lire plus<\/a><\/p>\n","protected":false},"author":2,"featured_media":0,"parent":0,"menu_order":0,"comment_status":"closed","ping_status":"closed","template":"","meta":{"footnotes":""},"jetpack_sharing_enabled":true,"_links":{"self":[{"href":"https:\/\/lysianesalzmann.ch\/fr\/wp-json\/wp\/v2\/pages\/1180"}],"collection":[{"href":"https:\/\/lysianesalzmann.ch\/fr\/wp-json\/wp\/v2\/pages"}],"about":[{"href":"https:\/\/lysianesalzmann.ch\/fr\/wp-json\/wp\/v2\/types\/page"}],"author":[{"embeddable":true,"href":"https:\/\/lysianesalzmann.ch\/fr\/wp-json\/wp\/v2\/users\/2"}],"replies":[{"embeddable":true,"href":"https:\/\/lysianesalzmann.ch\/fr\/wp-json\/wp\/v2\/comments?post=1180"}],"version-history":[{"count":0,"href":"https:\/\/lysianesalzmann.ch\/fr\/wp-json\/wp\/v2\/pages\/1180\/revisions"}],"wp:attachment":[{"href":"https:\/\/lysianesalzmann.ch\/fr\/wp-json\/wp\/v2\/media?parent=1180"}],"curies":[{"name":"wp","href":"https:\/\/api.w.org\/{rel}","templated":true}]}}